{"id":7686,"date":"2016-11-22T06:26:42","date_gmt":"2016-11-22T06:26:42","guid":{"rendered":"https:\/\/dental.local\/?page_id=7686"},"modified":"2024-03-14T17:15:54","modified_gmt":"2024-03-14T17:15:54","slug":"contacte","status":"publish","type":"page","link":"https:\/\/clinicaudaetacomella.com\/ca\/contacte\/","title":{"rendered":"Les nostres cl\u00edniques"},"content":{"rendered":"<section class=\"wpb-content-wrapper\"><p>[vc_row][vc_column]<div class=\"ult-animation  ult-animate-viewport  ult-no-mobile \" data-animate=\"bounceInDown\" data-animation-delay=\"0.5\" data-animation-duration=\"1\" data-animation-iteration=\"1\" style=\"opacity:0;\" data-opacity_start_effect=\"\"><div class='dt-sc-icon-heading aligncenter '><div class=\"icon-wrapper\"><span class='icon icon-pointer'> <\/span><\/div><div class=\"icon-content\"><h2>Les nostres cl\u00edniques<\/h2><p>Amb les millors instal\u00b7lacions i els millors equips, esteu en bones mans<\/p><\/div><\/div><\/div>[\/vc_column][\/vc_row][vc_row][vc_column]<div class=\"ult-spacer spacer-69e2f51f49ee3\" data-id=\"69e2f51f49ee3\" data-height=\"65\" data-height-mobile=\"30\" data-height-tab=\"50\" data-height-tab-portrait=\"50\" data-height-mobile-landscape=\"30\" style=\"clear:both;display:block;\"><\/div>[\/vc_column][\/vc_row][vc_row][vc_column width=&#8221;1\/2&#8243;]<div class=\"ult-animation  ult-animate-viewport  ult-no-mobile \" data-animate=\"fadeInUp\" data-animation-delay=\"1.1\" data-animation-duration=\"1\" data-animation-iteration=\"1\" style=\"opacity:0;\" data-opacity_start_effect=\"\"><div class='dt-sc-contact-info type9 '><a title='' href='#' target='_self'><div class='cinfo-image'><img loading=\"lazy\" decoding=\"async\" width=\"565\" height=\"354\" src=\"https:\/\/clinicaudaetacomella.com\/wp-content\/uploads\/2022\/05\/barcelona-1.jpg\" class=\"attachment-full\" alt=\"\" title=\"barcelona\" srcset=\"https:\/\/clinicaudaetacomella.com\/wp-content\/uploads\/2022\/05\/barcelona-1.jpg 565w, https:\/\/clinicaudaetacomella.com\/wp-content\/uploads\/2022\/05\/barcelona-1-300x188.jpg 300w\" sizes=\"(max-width: 565px) 100vw, 565px\" \/><\/div><\/a><h2><br><\/h2>\n<h1><a href=\"https:\/\/www.google.com\/maps\/place\/Cl%C3%ADnica+Dental+Udaeta+Comella\/@41.3942285,2.1473415,15z\/data=!4m5!3m4!1s0x0:0x3045c135ce759227!8m2!3d41.3942189!4d2.1473284\">Cl\u00ednica Barcelona<\/a><a href=\"https:\/\/www.google.com\/maps\/place\/Cl%C3%ADnica+Dental+Udaeta+Comella\/@41.3942285,2.1473415,15z\/data=!4m5!3m4!1s0x0:0x3045c135ce759227!8m2!3d41.3942189!4d2.1473284\"><br><\/a><\/h1>\n<hr \/>\n<p>Casanova 266, baixos<br>\nBarcelona<br>\n(+34) 93 215 09 90<\/div><\/div>[\/vc_column][vc_column width=&#8221;1\/2&#8243;]<div class=\"ult-animation  ult-animate-viewport  ult-no-mobile \" data-animate=\"fadeInUp\" data-animation-delay=\"1.1\" data-animation-duration=\"1\" data-animation-iteration=\"1\" style=\"opacity:0;\" data-opacity_start_effect=\"\"><div class='dt-sc-contact-info type9 '><a title='' href='#' target='_self'><div class='cinfo-image'><img loading=\"lazy\" decoding=\"async\" width=\"571\" height=\"355\" src=\"https:\/\/clinicaudaetacomella.com\/wp-content\/uploads\/2024\/03\/vilanova_1.jpg\" class=\"attachment-full\" alt=\"\" title=\"vilanova_1\" srcset=\"https:\/\/clinicaudaetacomella.com\/wp-content\/uploads\/2024\/03\/vilanova_1.jpg 571w, https:\/\/clinicaudaetacomella.com\/wp-content\/uploads\/2024\/03\/vilanova_1-300x187.jpg 300w\" sizes=\"(max-width: 571px) 100vw, 571px\" \/><\/div><\/a><h2><br><\/h2>\n<h1><a href=\"https:\/\/www.google.com\/maps\/place\/Cl%C3%ADnica+Dental+Udaeta+Vilanova+del+Vall%C3%A9s\/@41.553208,2.2855413,17z\/data=!3m1!4b1!4m5!3m4!1s0x12a4b83bfde6e7c7:0xa7f74efdb96c365b!8m2!3d41.5532091!4d2.2877286\">Cl\u00ednica Vilanova del Vall\u00e8s<\/a><\/h1>\n<hr \/>\n<p>Psg. Centenari, 37 baixos<br>\nVilanova del Vall\u00e8s (Barcelona) <br>\n(+34) 93 845 60 86<\/div><\/div>[\/vc_column][\/vc_row][vc_row][vc_column width=&#8221;1\/2&#8243;]<div class=\"ult-spacer spacer-69e2f51f4c7a5\" data-id=\"69e2f51f4c7a5\" data-height=\"80\" data-height-mobile=\"20\" data-height-tab=\"60\" data-height-tab-portrait=\"60\" data-height-mobile-landscape=\"20\" style=\"clear:both;display:block;\"><\/div>[\/vc_column][vc_column width=&#8221;1\/2&#8243;]<div class=\"ult-spacer spacer-69e2f51f4c7c0\" data-id=\"69e2f51f4c7c0\" data-height=\"80\" data-height-mobile=\"20\" data-height-tab=\"60\" data-height-tab-portrait=\"60\" data-height-mobile-landscape=\"20\" style=\"clear:both;display:block;\"><\/div>[\/vc_column][\/vc_row][vc_row][vc_column width=&#8221;1\/2&#8243;][vc_gallery type=&#8221;flexslider_slide&#8221; interval=&#8221;5&#8243; images=&#8221;12330,12332,12334,12344,12346,12348,12338,12340,12342&#8243; img_size=&#8221;1170&#215;727&#8243; onclick=&#8221;img_link_large&#8221; title=&#8221;Cl\u00ednica Barcelona&#8221;][\/vc_column][vc_column width=&#8221;1\/2&#8243;][vc_gallery type=&#8221;flexslider_slide&#8221; interval=&#8221;5&#8243; images=&#8221;12743,12352,12745,12747,12751,12356,12358,12354,12749&#8243; img_size=&#8221;1170&#215;727&#8243; onclick=&#8221;img_link_large&#8221; title=&#8221;Cl\u00ednica Vilanova&#8221;][\/vc_column][\/vc_row][vc_row full_width=&#8221;stretch_row_content_no_spaces&#8221; css_animation=&#8221;fadeInUp&#8221; css=&#8221;.vc_custom_1504777938244{margin-top: -65px !important;}&#8221;][vc_column][vc_raw_html]JTNDaWZyYW1lJTIwc3JjJTNEJTIyaHR0cHMlM0ElMkYlMkZ3d3cuZ29vZ2xlLmNvbSUyRm1hcHMlMkZlbWJlZCUzRnBiJTNEJTIxMW0xOCUyMTFtMTIlMjExbTMlMjExZDI5OTMuMDcyNDcwMzM2NjI2MyUyMTJkMi4xNDUxNTI4MTU2NTIyMzg2JTIxM2Q0MS4zOTQyMzI1MDM1MzMzMiUyMTJtMyUyMTFmMCUyMTJmMCUyMTNmMCUyMTNtMiUyMTFpMTAyNCUyMTJpNzY4JTIxNGYxMy4xJTIxM20zJTIxMW0yJTIxMXMweDEyYTRhMjkzYzcxY2Q5YjUlMjUzQTB4MzA0NWMxMzVjZTc1OTIyNyUyMTJzQ2wlMjVDMyUyNUFEbmljYSUyNTIwRGVudGFsJTI1MjBVZGFldGElMjUyMENvbWVsbGElMjE1ZTAlMjEzbTIlMjExc2VzJTIxMnNlcyUyMTR2MTY1NDc2MTU3NDQ5OSUyMTVtMiUyMTFzZXMlMjEyc2VzJTIyJTIwd2lkdGglM0QlMjIxMDAlMjUlMjIlMjBoZWlnaHQlM0QlMjI2NTAlMjIlMjBzdHlsZSUzRCUyMmJvcmRlciUzQTAlM0IlMjIlMjBhbGxvd2Z1bGxzY3JlZW4lM0QlMjIlMjIlMjBsb2FkaW5nJTNEJTIybGF6eSUyMiUyMHJlZmVycmVycG9saWN5JTNEJTIybm8tcmVmZXJyZXItd2hlbi1kb3duZ3JhZGUlMjIlM0UlM0MlMkZpZnJhbWUlM0U=[\/vc_raw_html][\/vc_column][\/vc_row][vc_row full_width=&#8221;stretch_row&#8221; css_animation=&#8221;fadeInUp&#8221; el_class=&#8221;contact-page-form&#8221; css=&#8221;.vc_custom_1504777955703{margin-top: -240px !important;}&#8221;][vc_column el_class=&#8221;dental-contact-form&#8221; css=&#8221;.vc_custom_1482120412082{border-bottom-width: 35px !important;padding-top: 35px !important;}&#8221;][vc_row_inner][vc_column_inner width=&#8221;1\/2&#8243;]<div class=\"ult-animation  ult-animate-viewport  ult-no-mobile \" data-animate=\"fadeInLeft\" data-animation-delay=\"1.0\" data-animation-duration=\"1\" data-animation-iteration=\"1\" style=\"opacity:0;\" data-opacity_start_effect=\"\">[vc_column_text css=&#8221;.vc_custom_1652965406149{margin-bottom: 30px !important;}&#8221;]Li agra\u00efm que s&#8217;hagi introdu\u00eft en aquesta p\u00e0gina web desitjant con\u00e8ixer-nos i informar-se dels serveis i tractaments de la nostra cl\u00ednica dental.[\/vc_column_text]<div class=\"ult-spacer spacer-69e2f51f4c83d\" data-id=\"69e2f51f4c83d\" data-height=\"10\" data-height-mobile=\"10\" data-height-tab=\"10\" data-height-tab-portrait=\"\" data-height-mobile-landscape=\"\" style=\"clear:both;display:block;\"><\/div><h2>Cl\u00ednica Barcelona<\/h2><div class='dt-sc-contact-info  '>Casanova 266, baixos<\/div><div class='dt-sc-contact-info  '>(+34) 93 215 09 90<\/div><div class=\"ult-spacer spacer-69e2f51f4c8c2\" data-id=\"69e2f51f4c8c2\" data-height=\"20\" data-height-mobile=\"20\" data-height-tab=\"20\" data-height-tab-portrait=\"\" data-height-mobile-landscape=\"\" style=\"clear:both;display:block;\"><\/div><h2>Cl\u00ednica Vilanova del Vall\u00e8s<\/h2><div class='dt-sc-contact-info  '>Psg. Centenari, 37 baixos<\/div><div class='dt-sc-contact-info  '>(+34) 93 845 60 86<\/div><div class=\"ult-spacer spacer-69e2f51f4c91f\" data-id=\"69e2f51f4c91f\" data-height=\"10\" data-height-mobile=\"10\" data-height-tab=\"10\" data-height-tab-portrait=\"\" data-height-mobile-landscape=\"\" style=\"clear:both;display:block;\"><\/div><div class='dt-sc-contact-info  '><span class='fa fa-envelope'> <\/span><h2><a class=\"mail\" href=\"mailto:info@clinicadeudaeta.com?subject=Clinica%20de%20Barcelona\">info@clinicadeudaeta.com<\/a><\/h2><\/div><div class=\"ult-spacer spacer-69e2f51f4c94f\" data-id=\"69e2f51f4c94f\" data-height=\"35\" data-height-mobile=\"35\" data-height-tab=\"35\" data-height-tab-portrait=\"\" data-height-mobile-landscape=\"\" style=\"clear:both;display:block;\"><\/div><ul class='dt-sc-sociable  rounded-border'><li> <a target='' class='fa fa-instagram' title='Instagram' href='https:\/\/www.instagram.com\/clinicadeudaetacomella\/'> <\/a> <\/li><li> <a target='' class='fa fa-facebook' title='Facebook' href='https:\/\/www.facebook.com\/clinicadentaldeudaeta\/'> <\/a> <\/li><\/ul><\/div>[\/vc_column_inner][vc_column_inner width=&#8221;1\/2&#8243;]<div class=\"ult-animation  ult-animate-viewport  ult-no-mobile \" data-animate=\"fadeInRight\" data-animation-delay=\"1.3\" data-animation-duration=\"1\" data-animation-iteration=\"1\" style=\"opacity:0;\" data-opacity_start_effect=\"\">\n<div class=\"wpcf7 no-js\" id=\"wpcf7-f8704-o1\" lang=\"en-US\" dir=\"ltr\" data-wpcf7-id=\"8704\">\n<div class=\"screen-reader-response\"><p role=\"status\" aria-live=\"polite\" aria-atomic=\"true\"><\/p> <ul><\/ul><\/div>\n<form action=\"\/ca\/wp-json\/wp\/v2\/pages\/7686#wpcf7-f8704-o1\" method=\"post\" class=\"wpcf7-form init\" aria-label=\"Contact form\" novalidate=\"novalidate\" data-status=\"init\">\n<div style=\"display: none;\">\n<input type=\"hidden\" name=\"_wpcf7\" value=\"8704\" \/>\n<input type=\"hidden\" name=\"_wpcf7_version\" value=\"6.0\" \/>\n<input type=\"hidden\" name=\"_wpcf7_locale\" value=\"en_US\" \/>\n<input type=\"hidden\" name=\"_wpcf7_unit_tag\" value=\"wpcf7-f8704-o1\" \/>\n<input type=\"hidden\" name=\"_wpcf7_container_post\" value=\"0\" \/>\n<input type=\"hidden\" name=\"_wpcf7_posted_data_hash\" value=\"\" \/>\n<\/div>\n<p>[vc_column]\n<\/p>\n<div class=\"contact-layout\">\n\t<p><span class=\"wpcf7-form-control-wrap\" data-name=\"text-659\"><input size=\"40\" maxlength=\"400\" class=\"wpcf7-form-control wpcf7-text wpcf7-validates-as-required\" aria-required=\"true\" aria-invalid=\"false\" placeholder=\"Nom\" value=\"\" type=\"text\" name=\"text-659\" \/><\/span><span class=\"wpcf7-form-control-wrap\" data-name=\"text-659\"><input size=\"40\" maxlength=\"400\" class=\"wpcf7-form-control wpcf7-text\" aria-invalid=\"false\" placeholder=\"Tel\u00e8fon\" value=\"\" type=\"text\" name=\"text-659\" \/><\/span><br \/>\n<span class=\"wpcf7-form-control-wrap\" data-name=\"textarea-96\"><textarea cols=\"40\" rows=\"10\" maxlength=\"2000\" class=\"wpcf7-form-control wpcf7-textarea\" aria-invalid=\"false\" placeholder=\"Assumpte\" name=\"textarea-96\"><\/textarea><\/span><br \/>\n<input class=\"wpcf7-form-control wpcf7-submit has-spinner fullwidth-button\" type=\"submit\" value=\"Enviar missatge\" \/>\n\t<\/p>\n<\/div>\n<p>[\/vc_column]\n<\/p><p style=\"display: none !important;\" class=\"akismet-fields-container\" data-prefix=\"_wpcf7_ak_\"><label>&#916;<textarea name=\"_wpcf7_ak_hp_textarea\" cols=\"45\" rows=\"8\" maxlength=\"100\"><\/textarea><\/label><input type=\"hidden\" id=\"ak_js_1\" name=\"_wpcf7_ak_js\" value=\"14\"\/><script>document.getElementById( \"ak_js_1\" ).setAttribute( \"value\", ( new Date() ).getTime() );<\/script><\/p><div class=\"wpcf7-response-output\" aria-hidden=\"true\"><\/div>\n<\/form>\n<\/div>\n<\/div>[\/vc_column_inner][\/vc_row_inner][\/vc_column][\/vc_row][vc_row][vc_column]<div class=\"ult-spacer spacer-69e2f51f4e748\" data-id=\"69e2f51f4e748\" data-height=\"80\" data-height-mobile=\"50\" data-height-tab=\"60\" data-height-tab-portrait=\"60\" data-height-mobile-landscape=\"50\" style=\"clear:both;display:block;\"><\/div>[\/vc_column][\/vc_row]<\/p>\n<\/section>","protected":false},"excerpt":{"rendered":"<p>[vc_row][vc_column][\/vc_column][\/vc_row][vc_row][vc_column][\/vc_column][\/vc_row][vc_row][vc_column width=&#8221;1\/2&#8243;][\/vc_column][vc_column width=&#8221;1\/2&#8243;][\/vc_column][\/vc_row][vc_row][vc_column width=&#8221;1\/2&#8243;][\/vc_column][vc_column width=&#8221;1\/2&#8243;][\/vc_column][\/vc_row][vc_row][vc_column width=&#8221;1\/2&#8243;][vc_gallery type=&#8221;flexslider_slide&#8221; interval=&#8221;5&#8243; images=&#8221;12330,12332,12334,12344,12346,12348,12338,12340,12342&#8243; img_size=&#8221;1170&#215;727&#8243; onclick=&#8221;img_link_large&#8221; title=&#8221;Cl\u00ednica Barcelona&#8221;][\/vc_column][vc_column width=&#8221;1\/2&#8243;][vc_gallery type=&#8221;flexslider_slide&#8221; interval=&#8221;5&#8243; images=&#8221;12743,12352,12745,12747,12751,12356,12358,12354,12749&#8243; img_size=&#8221;1170&#215;727&#8243; onclick=&#8221;img_link_large&#8221; title=&#8221;Cl\u00ednica Vilanova&#8221;][\/vc_column][\/vc_row][vc_row full_width=&#8221;stretch_row_content_no_spaces&#8221; css_animation=&#8221;fadeInUp&#8221; css=&#8221;.vc_custom_1504777938244{margin-top: -65px !important;}&#8221;][vc_column][vc_raw_html]JTNDaWZyYW1lJTIwc3JjJTNEJTIyaHR0cHMlM0ElMkYlMkZ3d3cuZ29vZ2xlLmNvbSUyRm1hcHMlMkZlbWJlZCUzRnBiJTNEJTIxMW0xOCUyMTFtMTIlMjExbTMlMjExZDI5OTMuMDcyNDcwMzM2NjI2MyUyMTJkMi4xNDUxNTI4MTU2NTIyMzg2JTIxM2Q0MS4zOTQyMzI1MDM1MzMzMiUyMTJtMyUyMTFmMCUyMTJmMCUyMTNmMCUyMTNtMiUyMTFpMTAyNCUyMTJpNzY4JTIxNGYxMy4xJTIxM20zJTIxMW0yJTIxMXMweDEyYTRhMjkzYzcxY2Q5YjUlMjUzQTB4MzA0NWMxMzVjZTc1OTIyNyUyMTJzQ2wlMjVDMyUyNUFEbmljYSUyNTIwRGVudGFsJTI1MjBVZGFldGElMjUyMENvbWVsbGElMjE1ZTAlMjEzbTIlMjExc2VzJTIxMnNlcyUyMTR2MTY1NDc2MTU3NDQ5OSUyMTVtMiUyMTFzZXMlMjEyc2VzJTIyJTIwd2lkdGglM0QlMjIxMDAlMjUlMjIlMjBoZWlnaHQlM0QlMjI2NTAlMjIlMjBzdHlsZSUzRCUyMmJvcmRlciUzQTAlM0IlMjIlMjBhbGxvd2Z1bGxzY3JlZW4lM0QlMjIlMjIlMjBsb2FkaW5nJTNEJTIybGF6eSUyMiUyMHJlZmVycmVycG9saWN5JTNEJTIybm8tcmVmZXJyZXItd2hlbi1kb3duZ3JhZGUlMjIlM0UlM0MlMkZpZnJhbWUlM0U=[\/vc_raw_html][\/vc_column][\/vc_row][vc_row full_width=&#8221;stretch_row&#8221; css_animation=&#8221;fadeInUp&#8221; el_class=&#8221;contact-page-form&#8221; css=&#8221;.vc_custom_1504777955703{margin-top: -240px !important;}&#8221;][vc_column el_class=&#8221;dental-contact-form&#8221; css=&#8221;.vc_custom_1482120412082{border-bottom-width: 35px !important;padding-top: 35px !important;}&#8221;][vc_row_inner][vc_column_inner width=&#8221;1\/2&#8243;][\/vc_column_inner][vc_column_inner width=&#8221;1\/2&#8243;][\/vc_column_inner][\/vc_row_inner][\/vc_column][\/vc_row][vc_row][vc_column][\/vc_column][\/vc_row]<\/p>\n","protected":false},"author":3,"featured_media":0,"parent":0,"menu_order":0,"comment_status":"closed","ping_status":"closed","template":"","meta":{"footnotes":""},"class_list":["post-7686","page","type-page","status-publish","hentry"],"_links":{"self":[{"href":"https:\/\/clinicaudaetacomella.com\/ca\/wp-json\/wp\/v2\/pages\/7686"}],"collection":[{"href":"https:\/\/clinicaudaetacomella.com\/ca\/wp-json\/wp\/v2\/pages"}],"about":[{"href":"https:\/\/clinicaudaetacomella.com\/ca\/wp-json\/wp\/v2\/types\/page"}],"author":[{"embeddable":true,"href":"https:\/\/clinicaudaetacomella.com\/ca\/wp-json\/wp\/v2\/users\/3"}],"replies":[{"embeddable":true,"href":"https:\/\/clinicaudaetacomella.com\/ca\/wp-json\/wp\/v2\/comments?post=7686"}],"version-history":[{"count":21,"href":"https:\/\/clinicaudaetacomella.com\/ca\/wp-json\/wp\/v2\/pages\/7686\/revisions"}],"predecessor-version":[{"id":12755,"href":"https:\/\/clinicaudaetacomella.com\/ca\/wp-json\/wp\/v2\/pages\/7686\/revisions\/12755"}],"wp:attachment":[{"href":"https:\/\/clinicaudaetacomella.com\/ca\/wp-json\/wp\/v2\/media?parent=7686"}],"curies":[{"name":"wp","href":"https:\/\/api.w.org\/{rel}","templated":true}]}}